{"id":3977,"date":"2022-11-21T13:05:20","date_gmt":"2022-11-21T13:05:20","guid":{"rendered":"https:\/\/turisme.olocau.es\/contacte\/"},"modified":"2022-11-24T12:13:33","modified_gmt":"2022-11-24T12:13:33","slug":"contacte","status":"publish","type":"page","link":"https:\/\/turisme.olocau.es\/ca\/contacte\/","title":{"rendered":"Contacte"},"content":{"rendered":"\t\t<div data-elementor-type=\"wp-page\" data-elementor-id=\"3977\" class=\"elementor elementor-3977 elementor-3840\" data-elementor-post-type=\"page\">\n\t\t\t\t\t\t<section class=\"elementor-section elementor-top-section elementor-element elementor-element-56edc23b elementor-section-content-middle elementor-section-boxed elementor-section-height-default elementor-section-height-default\" data-id=\"56edc23b\" data-element_type=\"section\" data-e-type=\"section\">\n\t\t\t\t\t\t<div class=\"elementor-container elementor-column-gap-no\">\n\t\t\t\t\t<div class=\"elementor-column elementor-col-100 elementor-top-column elementor-element elementor-element-4f321ee9\" data-id=\"4f321ee9\" data-element_type=\"column\" data-e-type=\"column\">\n\t\t\t<div class=\"elementor-widget-wrap elementor-element-populated\">\n\t\t\t\t\t\t<div class=\"elementor-element elementor-element-4d16116f elementor-widget elementor-widget-heading\" data-id=\"4d16116f\" data-element_type=\"widget\" data-e-type=\"widget\" data-widget_type=\"heading.default\">\n\t\t\t\t<div class=\"elementor-widget-container\">\n\t\t\t\t\t<h4 class=\"elementor-heading-title elementor-size-default\">Contacte<\/h4>\t\t\t\t<\/div>\n\t\t\t\t<\/div>\n\t\t\t\t<div class=\"elementor-element elementor-element-e0df973 elementor-absolute elementor-widget elementor-widget-image\" data-id=\"e0df973\" data-element_type=\"widget\" data-e-type=\"widget\" data-settings=\"{&quot;_position&quot;:&quot;absolute&quot;}\" data-widget_type=\"image.default\">\n\t\t\t\t<div class=\"elementor-widget-container\">\n\t\t\t\t\t\t\t\t\t\t\t\t\t\t\t<img fetchpriority=\"high\" decoding=\"async\" width=\"202\" height=\"253\" src=\"https:\/\/turisme.olocau.es\/wp-content\/uploads\/2022\/06\/muestras.png\" class=\"attachment-large size-large wp-image-2634\" alt=\"\" \/>\t\t\t\t\t\t\t\t\t\t\t\t\t\t\t<\/div>\n\t\t\t\t<\/div>\n\t\t\t\t<section class=\"elementor-section elementor-inner-section elementor-element elementor-element-10aa866b elementor-section-content-top elementor-section-boxed elementor-section-height-default elementor-section-height-default\" data-id=\"10aa866b\" data-element_type=\"section\" data-e-type=\"section\">\n\t\t\t\t\t\t<div class=\"elementor-container elementor-column-gap-narrow\">\n\t\t\t\t\t<div class=\"elementor-column elementor-col-50 elementor-inner-column elementor-element elementor-element-6c192a96\" data-id=\"6c192a96\" data-element_type=\"column\" data-e-type=\"column\">\n\t\t\t<div class=\"elementor-widget-wrap elementor-element-populated\">\n\t\t\t\t\t\t<div class=\"elementor-element elementor-element-07e5c9a elementor-widget elementor-widget-text-editor\" data-id=\"07e5c9a\" data-element_type=\"widget\" data-e-type=\"widget\" data-widget_type=\"text-editor.default\">\n\t\t\t\t<div class=\"elementor-widget-container\">\n\t\t\t\t\t\t\t\t\t<div class=\"et_pb_column et_pb_column_1_2 et_pb_column_16 et_pb_css_mix_blend_mode_passthrough\">\n<div class=\"et_pb_module et_pb_text et_pb_text_9 et_pb_text_align_left et_pb_bg_layout_light\">\n<div class=\"et_pb_text_inner\">\n<h2>Contacta amb nosaltres a trav\u00e9s d&#8217;aquest formulari, et respondrem molt prompte!<\/h2>\n<\/div>\n<\/div>\n<div class=\"et_pb_module et_pb_text et_pb_text_10 et_pb_text_align_left et_pb_bg_layout_light\">\n<div class=\"et_pb_text_inner\">\n<p><b>Les vostres opinions s\u00f3n importants per a nosaltres. Envia&#8217;ns els teus suggeriments al formulari de la dreta per a ajudar a millorar la gesti\u00f3 tur\u00edstica del nostre municipi.<\/b><\/p>\n<\/div>\n<\/div>\n<div class=\"et_pb_module et_pb_text et_pb_text_11 et_pb_text_align_left et_pb_bg_layout_light\">\n<div class=\"et_pb_text_inner\">\n<p><strong>Formulaci\u00f3 de reclamacions per a les persones usu\u00e0ries dels serveis tur\u00edstics<\/strong><\/p>\n<p><a href=\"https:\/\/www.gva.es\/es\/inicio\/procedimientos?id_proc=1915\">Posa les teues reclamacions en el seg\u00fcent enlla\u00e7:<br \/>https:\/\/www.gva.es\/es\/inicio\/procedimientos?id_proc=1915<\/a><\/p>\n<\/div>\n<\/div>\n<\/div>\n\t\t\t\t\t\t\t\t<\/div>\n\t\t\t\t<\/div>\n\t\t\t\t\t<\/div>\n\t\t<\/div>\n\t\t\t\t<div class=\"elementor-column elementor-col-50 elementor-inner-column elementor-element elementor-element-211aae52\" data-id=\"211aae52\" data-element_type=\"column\" data-e-type=\"column\">\n\t\t\t<div class=\"elementor-widget-wrap elementor-element-populated\">\n\t\t\t\t\t\t<div class=\"elementor-element elementor-element-2666dcaf elementor-button-align-start elementor-widget elementor-widget-form\" data-id=\"2666dcaf\" data-element_type=\"widget\" data-e-type=\"widget\" data-settings=\"{&quot;step_next_label&quot;:&quot;Seg\\u00fcent&quot;,&quot;step_previous_label&quot;:&quot;Anterior&quot;,&quot;button_width&quot;:&quot;100&quot;,&quot;step_type&quot;:&quot;number_text&quot;,&quot;step_icon_shape&quot;:&quot;circle&quot;}\" data-widget_type=\"form.default\">\n\t\t\t\t<div class=\"elementor-widget-container\">\n\t\t\t\t\t\t\t<form class=\"elementor-form\" method=\"post\" name=\"New Form\">\n\t\t\t<input type=\"hidden\" name=\"post_id\" value=\"3977\"\/>\n\t\t\t<input type=\"hidden\" name=\"form_id\" value=\"2666dcaf\"\/>\n\t\t\t<input type=\"hidden\" name=\"referer_title\" value=\"Contacte - Turismo Olocau\" \/>\n\n\t\t\t\t\t\t\t<input type=\"hidden\" name=\"queried_id\" value=\"3977\"\/>\n\t\t\t\n\t\t\t<div class=\"elementor-form-fields-wrapper elementor-labels-\">\n\t\t\t\t\t\t\t\t<div class=\"elementor-field-type-text elementor-field-group elementor-column elementor-field-group-name elementor-col-100\">\n\t\t\t\t\t\t\t\t\t\t\t\t<label for=\"form-field-name\" class=\"elementor-field-label elementor-screen-only\">\n\t\t\t\t\t\t\t\tNom\t\t\t\t\t\t\t<\/label>\n\t\t\t\t\t\t\t\t\t\t\t\t\t\t<input size=\"1\" type=\"text\" name=\"form_fields[name]\" id=\"form-field-name\" class=\"elementor-field elementor-size-sm  elementor-field-textual\" placeholder=\"Nom\">\n\t\t\t\t\t\t\t\t\t\t\t<\/div>\n\t\t\t\t\t\t\t\t<div class=\"elementor-field-type-email elementor-field-group elementor-column elementor-field-group-email elementor-col-100 elementor-field-required\">\n\t\t\t\t\t\t\t\t\t\t\t\t<label for=\"form-field-email\" class=\"elementor-field-label elementor-screen-only\">\n\t\t\t\t\t\t\t\tEmail\t\t\t\t\t\t\t<\/label>\n\t\t\t\t\t\t\t\t\t\t\t\t\t\t<input size=\"1\" type=\"email\" name=\"form_fields[email]\" id=\"form-field-email\" class=\"elementor-field elementor-size-sm  elementor-field-textual\" placeholder=\"Email\" required=\"required\" aria-required=\"true\">\n\t\t\t\t\t\t\t\t\t\t\t<\/div>\n\t\t\t\t\t\t\t\t<div class=\"elementor-field-type-textarea elementor-field-group elementor-column elementor-field-group-message elementor-col-100\">\n\t\t\t\t\t\t\t\t\t\t\t\t<label for=\"form-field-message\" class=\"elementor-field-label elementor-screen-only\">\n\t\t\t\t\t\t\t\tMissatge\t\t\t\t\t\t\t<\/label>\n\t\t\t\t\t\t<textarea class=\"elementor-field-textual elementor-field  elementor-size-sm\" name=\"form_fields[message]\" id=\"form-field-message\" rows=\"4\" placeholder=\"Missatge\"><\/textarea>\t\t\t\t<\/div>\n\t\t\t\t\t\t\t\t<div class=\"elementor-field-group elementor-column elementor-field-type-submit elementor-col-100 e-form__buttons\">\n\t\t\t\t\t<button class=\"elementor-button elementor-size-sm elementor-animation-grow\" type=\"submit\">\n\t\t\t\t\t\t<span class=\"elementor-button-content-wrapper\">\n\t\t\t\t\t\t\t\t\t\t\t\t\t\t\t\t\t\t\t\t\t\t<span class=\"elementor-button-text\">Enviar missatge<\/span>\n\t\t\t\t\t\t\t\t\t\t\t\t\t<\/span>\n\t\t\t\t\t<\/button>\n\t\t\t\t<\/div>\n\t\t\t<\/div>\n\t\t<\/form>\n\t\t\t\t\t\t<\/div>\n\t\t\t\t<\/div>\n\t\t\t\t\t<\/div>\n\t\t<\/div>\n\t\t\t\t\t<\/div>\n\t\t<\/section>\n\t\t\t\t\t<\/div>\n\t\t<\/div>\n\t\t\t\t\t<\/div>\n\t\t<\/section>\n\t\t\t\t<\/div>\n\t\t","protected":false},"excerpt":{"rendered":"<p>Contacte Contacta amb nosaltres a trav\u00e9s d&#8217;aquest formulari, et respondrem molt prompte! Les vostres opinions s\u00f3n importants per a nosaltres. Envia&#8217;ns els teus suggeriments al formulari de la dreta per a ajudar a millorar la gesti\u00f3 tur\u00edstica del nostre municipi. Formulaci\u00f3 de reclamacions per a les persones usu\u00e0ries dels serveis tur\u00edstics Posa les teues reclamacions [&hellip;]<\/p>\n","protected":false},"author":1,"featured_media":0,"parent":0,"menu_order":0,"comment_status":"closed","ping_status":"closed","template":"","meta":{"om_disable_all_campaigns":false,"_monsterinsights_skip_tracking":false,"_monsterinsights_sitenote_active":false,"_monsterinsights_sitenote_note":"","_monsterinsights_sitenote_category":0,"_uf_show_specific_survey":0,"_uf_disable_surveys":false,"footnotes":""},"class_list":["post-3977","page","type-page","status-publish","hentry"],"yoast_head":"<!-- This site is optimized with the Yoast SEO plugin v27.3 - https:\/\/yoast.com\/product\/yoast-seo-wordpress\/ -->\n<title>Contacte - Turismo Olocau<\/title>\n<meta name=\"robots\" content=\"index, follow, max-snippet:-1, max-image-preview:large, max-video-preview:-1\" \/>\n<link rel=\"canonical\" href=\"https:\/\/turisme.olocau.es\/ca\/contacte\/\" \/>\n<meta property=\"og:locale\" content=\"en_US\" \/>\n<meta property=\"og:type\" content=\"article\" \/>\n<meta property=\"og:title\" content=\"Contacte - Turismo Olocau\" \/>\n<meta property=\"og:description\" content=\"Contacte Contacta amb nosaltres a trav\u00e9s d&#8217;aquest formulari, et respondrem molt prompte! Les vostres opinions s\u00f3n importants per a nosaltres. Envia&#8217;ns els teus suggeriments al formulari de la dreta per a ajudar a millorar la gesti\u00f3 tur\u00edstica del nostre municipi. Formulaci\u00f3 de reclamacions per a les persones usu\u00e0ries dels serveis tur\u00edstics Posa les teues reclamacions [&hellip;]\" \/>\n<meta property=\"og:url\" content=\"https:\/\/turisme.olocau.es\/ca\/contacte\/\" \/>\n<meta property=\"og:site_name\" content=\"Turismo Olocau\" \/>\n<meta property=\"article:publisher\" content=\"https:\/\/www.facebook.com\/Turisme-Olocau-110345021644060\" \/>\n<meta property=\"article:modified_time\" content=\"2022-11-24T12:13:33+00:00\" \/>\n<meta property=\"og:image\" content=\"https:\/\/turisme.olocau.es\/wp-content\/uploads\/2022\/06\/muestras.png\" \/>\n<meta name=\"twitter:card\" content=\"summary_large_image\" \/>\n<meta name=\"twitter:site\" content=\"@turismeolocau\" \/>\n<script type=\"application\/ld+json\" class=\"yoast-schema-graph\">{\"@context\":\"https:\\\/\\\/schema.org\",\"@graph\":[{\"@type\":\"WebPage\",\"@id\":\"https:\\\/\\\/turisme.olocau.es\\\/ca\\\/contacte\\\/\",\"url\":\"https:\\\/\\\/turisme.olocau.es\\\/ca\\\/contacte\\\/\",\"name\":\"Contacte - Turismo Olocau\",\"isPartOf\":{\"@id\":\"https:\\\/\\\/turisme.olocau.es\\\/ca\\\/#website\"},\"primaryImageOfPage\":{\"@id\":\"https:\\\/\\\/turisme.olocau.es\\\/ca\\\/contacte\\\/#primaryimage\"},\"image\":{\"@id\":\"https:\\\/\\\/turisme.olocau.es\\\/ca\\\/contacte\\\/#primaryimage\"},\"thumbnailUrl\":\"https:\\\/\\\/turisme.olocau.es\\\/wp-content\\\/uploads\\\/2022\\\/06\\\/muestras.png\",\"datePublished\":\"2022-11-21T13:05:20+00:00\",\"dateModified\":\"2022-11-24T12:13:33+00:00\",\"breadcrumb\":{\"@id\":\"https:\\\/\\\/turisme.olocau.es\\\/ca\\\/contacte\\\/#breadcrumb\"},\"inLanguage\":\"val\",\"potentialAction\":[{\"@type\":\"ReadAction\",\"target\":[\"https:\\\/\\\/turisme.olocau.es\\\/ca\\\/contacte\\\/\"]}]},{\"@type\":\"ImageObject\",\"inLanguage\":\"val\",\"@id\":\"https:\\\/\\\/turisme.olocau.es\\\/ca\\\/contacte\\\/#primaryimage\",\"url\":\"https:\\\/\\\/turisme.olocau.es\\\/wp-content\\\/uploads\\\/2022\\\/06\\\/muestras.png\",\"contentUrl\":\"https:\\\/\\\/turisme.olocau.es\\\/wp-content\\\/uploads\\\/2022\\\/06\\\/muestras.png\"},{\"@type\":\"BreadcrumbList\",\"@id\":\"https:\\\/\\\/turisme.olocau.es\\\/ca\\\/contacte\\\/#breadcrumb\",\"itemListElement\":[{\"@type\":\"ListItem\",\"position\":1,\"name\":\"Portada\",\"item\":\"https:\\\/\\\/turisme.olocau.es\\\/ca\\\/\"},{\"@type\":\"ListItem\",\"position\":2,\"name\":\"Contacte\"}]},{\"@type\":\"WebSite\",\"@id\":\"https:\\\/\\\/turisme.olocau.es\\\/ca\\\/#website\",\"url\":\"https:\\\/\\\/turisme.olocau.es\\\/ca\\\/\",\"name\":\"Turismo Olocau\",\"description\":\"Visita Olocau\",\"publisher\":{\"@id\":\"https:\\\/\\\/turisme.olocau.es\\\/ca\\\/#organization\"},\"potentialAction\":[{\"@type\":\"SearchAction\",\"target\":{\"@type\":\"EntryPoint\",\"urlTemplate\":\"https:\\\/\\\/turisme.olocau.es\\\/ca\\\/?s={search_term_string}\"},\"query-input\":{\"@type\":\"PropertyValueSpecification\",\"valueRequired\":true,\"valueName\":\"search_term_string\"}}],\"inLanguage\":\"val\"},{\"@type\":\"Organization\",\"@id\":\"https:\\\/\\\/turisme.olocau.es\\\/ca\\\/#organization\",\"name\":\"Turismo Olocau\",\"url\":\"https:\\\/\\\/turisme.olocau.es\\\/ca\\\/\",\"logo\":{\"@type\":\"ImageObject\",\"inLanguage\":\"val\",\"@id\":\"https:\\\/\\\/turisme.olocau.es\\\/ca\\\/#\\\/schema\\\/logo\\\/image\\\/\",\"url\":\"https:\\\/\\\/turisme.olocau.es\\\/wp-content\\\/uploads\\\/2022\\\/07\\\/Logo-Olocau-turismo_color.png\",\"contentUrl\":\"https:\\\/\\\/turisme.olocau.es\\\/wp-content\\\/uploads\\\/2022\\\/07\\\/Logo-Olocau-turismo_color.png\",\"width\":300,\"height\":123,\"caption\":\"Turismo Olocau\"},\"image\":{\"@id\":\"https:\\\/\\\/turisme.olocau.es\\\/ca\\\/#\\\/schema\\\/logo\\\/image\\\/\"},\"sameAs\":[\"https:\\\/\\\/www.facebook.com\\\/Turisme-Olocau-110345021644060\",\"https:\\\/\\\/x.com\\\/turismeolocau\",\"https:\\\/\\\/www.instagram.com\\\/turismeolocau\\\/\"]}]}<\/script>\n<!-- \/ Yoast SEO plugin. -->","yoast_head_json":{"title":"Contacte - Turismo Olocau","robots":{"index":"index","follow":"follow","max-snippet":"max-snippet:-1","max-image-preview":"max-image-preview:large","max-video-preview":"max-video-preview:-1"},"canonical":"https:\/\/turisme.olocau.es\/ca\/contacte\/","og_locale":"en_US","og_type":"article","og_title":"Contacte - Turismo Olocau","og_description":"Contacte Contacta amb nosaltres a trav\u00e9s d&#8217;aquest formulari, et respondrem molt prompte! Les vostres opinions s\u00f3n importants per a nosaltres. Envia&#8217;ns els teus suggeriments al formulari de la dreta per a ajudar a millorar la gesti\u00f3 tur\u00edstica del nostre municipi. Formulaci\u00f3 de reclamacions per a les persones usu\u00e0ries dels serveis tur\u00edstics Posa les teues reclamacions [&hellip;]","og_url":"https:\/\/turisme.olocau.es\/ca\/contacte\/","og_site_name":"Turismo Olocau","article_publisher":"https:\/\/www.facebook.com\/Turisme-Olocau-110345021644060","article_modified_time":"2022-11-24T12:13:33+00:00","og_image":[{"url":"https:\/\/turisme.olocau.es\/wp-content\/uploads\/2022\/06\/muestras.png","type":"","width":"","height":""}],"twitter_card":"summary_large_image","twitter_site":"@turismeolocau","schema":{"@context":"https:\/\/schema.org","@graph":[{"@type":"WebPage","@id":"https:\/\/turisme.olocau.es\/ca\/contacte\/","url":"https:\/\/turisme.olocau.es\/ca\/contacte\/","name":"Contacte - Turismo Olocau","isPartOf":{"@id":"https:\/\/turisme.olocau.es\/ca\/#website"},"primaryImageOfPage":{"@id":"https:\/\/turisme.olocau.es\/ca\/contacte\/#primaryimage"},"image":{"@id":"https:\/\/turisme.olocau.es\/ca\/contacte\/#primaryimage"},"thumbnailUrl":"https:\/\/turisme.olocau.es\/wp-content\/uploads\/2022\/06\/muestras.png","datePublished":"2022-11-21T13:05:20+00:00","dateModified":"2022-11-24T12:13:33+00:00","breadcrumb":{"@id":"https:\/\/turisme.olocau.es\/ca\/contacte\/#breadcrumb"},"inLanguage":"val","potentialAction":[{"@type":"ReadAction","target":["https:\/\/turisme.olocau.es\/ca\/contacte\/"]}]},{"@type":"ImageObject","inLanguage":"val","@id":"https:\/\/turisme.olocau.es\/ca\/contacte\/#primaryimage","url":"https:\/\/turisme.olocau.es\/wp-content\/uploads\/2022\/06\/muestras.png","contentUrl":"https:\/\/turisme.olocau.es\/wp-content\/uploads\/2022\/06\/muestras.png"},{"@type":"BreadcrumbList","@id":"https:\/\/turisme.olocau.es\/ca\/contacte\/#breadcrumb","itemListElement":[{"@type":"ListItem","position":1,"name":"Portada","item":"https:\/\/turisme.olocau.es\/ca\/"},{"@type":"ListItem","position":2,"name":"Contacte"}]},{"@type":"WebSite","@id":"https:\/\/turisme.olocau.es\/ca\/#website","url":"https:\/\/turisme.olocau.es\/ca\/","name":"Turismo Olocau","description":"Visita Olocau","publisher":{"@id":"https:\/\/turisme.olocau.es\/ca\/#organization"},"potentialAction":[{"@type":"SearchAction","target":{"@type":"EntryPoint","urlTemplate":"https:\/\/turisme.olocau.es\/ca\/?s={search_term_string}"},"query-input":{"@type":"PropertyValueSpecification","valueRequired":true,"valueName":"search_term_string"}}],"inLanguage":"val"},{"@type":"Organization","@id":"https:\/\/turisme.olocau.es\/ca\/#organization","name":"Turismo Olocau","url":"https:\/\/turisme.olocau.es\/ca\/","logo":{"@type":"ImageObject","inLanguage":"val","@id":"https:\/\/turisme.olocau.es\/ca\/#\/schema\/logo\/image\/","url":"https:\/\/turisme.olocau.es\/wp-content\/uploads\/2022\/07\/Logo-Olocau-turismo_color.png","contentUrl":"https:\/\/turisme.olocau.es\/wp-content\/uploads\/2022\/07\/Logo-Olocau-turismo_color.png","width":300,"height":123,"caption":"Turismo Olocau"},"image":{"@id":"https:\/\/turisme.olocau.es\/ca\/#\/schema\/logo\/image\/"},"sameAs":["https:\/\/www.facebook.com\/Turisme-Olocau-110345021644060","https:\/\/x.com\/turismeolocau","https:\/\/www.instagram.com\/turismeolocau\/"]}]}},"_edit_lock":"","_wpml_word_count":"","_wp_page_template":"default","_edit_last":"","_elementor_edit_mode":"builder","_elementor_template_type":"wp-page","_elementor_version":"3.8.0","_elementor_pro_version":"","_elementor_data":"[{\"id\":\"56edc23b\",\"elType\":\"section\",\"settings\":{\"gap\":\"no\",\"custom_height\":{\"unit\":\"px\",\"size\":701},\"content_position\":\"middle\",\"padding\":{\"unit\":\"px\",\"top\":\"100\",\"right\":\"0\",\"bottom\":\"100\",\"left\":\"0\",\"isLinked\":false},\"padding_tablet\":{\"unit\":\"px\",\"top\":\"100\",\"right\":\"25\",\"bottom\":\"100\",\"left\":\"25\",\"isLinked\":false},\"padding_mobile\":{\"unit\":\"px\",\"top\":\"50\",\"right\":\"20\",\"bottom\":\"50\",\"left\":\"20\",\"isLinked\":false}},\"elements\":[{\"id\":\"4f321ee9\",\"elType\":\"column\",\"settings\":{\"_column_size\":100},\"elements\":[{\"id\":\"4d16116f\",\"elType\":\"widget\",\"settings\":{\"title\":\"Contacte\",\"title_color\":\"#000000\",\"typography_typography\":\"custom\",\"typography_font_size\":{\"unit\":\"px\",\"size\":65},\"typography_font_weight\":\"900\",\"align\":\"center\",\"typography_font_size_mobile\":{\"unit\":\"px\",\"size\":45},\"header_size\":\"h4\",\"typography_font_size_tablet\":{\"unit\":\"px\",\"size\":45}},\"elements\":[],\"widgetType\":\"heading\"},{\"id\":\"e0df973\",\"elType\":\"widget\",\"settings\":{\"image\":{\"url\":\"https:\\\/\\\/turisme.olocau.es\\\/wp-content\\\/uploads\\\/2022\\\/06\\\/muestras.png\",\"id\":83,\"alt\":\"\",\"source\":\"library\"},\"align\":\"right\",\"_margin\":{\"unit\":\"px\",\"top\":\"-1\",\"right\":\"0\",\"bottom\":\"0\",\"left\":\"0\",\"isLinked\":false},\"_padding\":{\"unit\":\"px\",\"top\":\"0\",\"right\":\"0\",\"bottom\":\"0\",\"left\":\"0\",\"isLinked\":true},\"_position\":\"absolute\",\"_offset_x\":{\"unit\":\"px\",\"size\":208,\"sizes\":[]},\"_offset_y\":{\"unit\":\"px\",\"size\":-80,\"sizes\":[]}},\"elements\":[],\"widgetType\":\"image\"},{\"id\":\"10aa866b\",\"elType\":\"section\",\"settings\":{\"gap\":\"narrow\",\"content_position\":\"top\",\"structure\":\"20\",\"padding\":{\"unit\":\"px\",\"top\":\"35\",\"right\":\"0\",\"bottom\":\"0\",\"left\":\"0\",\"isLinked\":false}},\"elements\":[{\"id\":\"6c192a96\",\"elType\":\"column\",\"settings\":{\"_column_size\":50,\"_inline_size\":52.956},\"elements\":[{\"id\":\"07e5c9a\",\"elType\":\"widget\",\"settings\":{\"editor\":\"<div class=\\\"et_pb_column et_pb_column_1_2 et_pb_column_16 et_pb_css_mix_blend_mode_passthrough\\\">\\n<div class=\\\"et_pb_module et_pb_text et_pb_text_9 et_pb_text_align_left et_pb_bg_layout_light\\\">\\n<div class=\\\"et_pb_text_inner\\\">\\n<h2>Contacta amb nosaltres a trav\\u00e9s d'aquest formulari, et respondrem molt prompte!<\\\/h2>\\n<\\\/div>\\n<\\\/div>\\n<div class=\\\"et_pb_module et_pb_text et_pb_text_10 et_pb_text_align_left et_pb_bg_layout_light\\\">\\n<div class=\\\"et_pb_text_inner\\\">\\n<p><b>Les vostres opinions s\\u00f3n importants per a nosaltres. Envia'ns els teus suggeriments al formulari de la dreta per a ajudar a millorar la gesti\\u00f3 tur\\u00edstica del nostre municipi.<\\\/b><\\\/p>\\n<\\\/div>\\n<\\\/div>\\n<div class=\\\"et_pb_module et_pb_text et_pb_text_11 et_pb_text_align_left et_pb_bg_layout_light\\\">\\n<div class=\\\"et_pb_text_inner\\\">\\n<p><strong>Formulaci\\u00f3 de reclamacions per a les persones usu\\u00e0ries dels serveis tur\\u00edstics<\\\/strong><\\\/p>\\n<p><a href=\\\"https:\\\/\\\/www.gva.es\\\/es\\\/inicio\\\/procedimientos?id_proc=1915\\\">Posa les teues reclamacions en el seg\\u00fcent enlla\\u00e7:<br \\\/>https:\\\/\\\/www.gva.es\\\/es\\\/inicio\\\/procedimientos?id_proc=1915<\\\/a><\\\/p>\\n<\\\/div>\\n<\\\/div>\\n<\\\/div>\\n\"},\"elements\":[],\"widgetType\":\"text-editor\"}],\"isInner\":true},{\"id\":\"211aae52\",\"elType\":\"column\",\"settings\":{\"_column_size\":50,\"_inline_size\":47,\"padding\":{\"unit\":\"px\",\"top\":\"17\",\"right\":\"0\",\"bottom\":\"0\",\"left\":\"0\",\"isLinked\":false}},\"elements\":[{\"id\":\"2666dcaf\",\"elType\":\"widget\",\"settings\":{\"form_name\":\"New Form\",\"form_fields\":[{\"_id\":\"name\",\"field_label\":\"Nom\",\"placeholder\":\"Nom\",\"file_sizes\":\"\",\"file_types\":\"\",\"allow_multiple_upload\":\"\",\"max_files\":\"\",\"acceptance_text\":\"\",\"checked_by_default\":\"\",\"field_min\":\"\",\"field_max\":\"\",\"min_date\":\"\",\"max_date\":\"\",\"use_native_date\":\"\",\"use_native_time\":\"\",\"custom_id\":\"name\",\"previous_button\":\"\",\"next_button\":\"\",\"index\":0},{\"_id\":\"email\",\"field_type\":\"email\",\"required\":\"true\",\"field_label\":\"Email\",\"placeholder\":\"Email\",\"file_sizes\":\"\",\"file_types\":\"\",\"allow_multiple_upload\":\"\",\"max_files\":\"\",\"acceptance_text\":\"\",\"checked_by_default\":\"\",\"field_min\":\"\",\"field_max\":\"\",\"min_date\":\"\",\"max_date\":\"\",\"use_native_date\":\"\",\"use_native_time\":\"\",\"custom_id\":\"email\",\"previous_button\":\"\",\"next_button\":\"\",\"index\":1},{\"_id\":\"message\",\"field_type\":\"textarea\",\"field_label\":\"Missatge\",\"placeholder\":\"Missatge\",\"file_sizes\":\"\",\"file_types\":\"\",\"allow_multiple_upload\":\"\",\"max_files\":\"\",\"acceptance_text\":\"\",\"checked_by_default\":\"\",\"field_min\":\"\",\"field_max\":\"\",\"min_date\":\"\",\"max_date\":\"\",\"use_native_date\":\"\",\"use_native_time\":\"\",\"custom_id\":\"message\",\"previous_button\":\"\",\"next_button\":\"\",\"index\":2}],\"show_labels\":\"\",\"button_text\":\"Enviar missatge\",\"button_align\":\"start\",\"email_content\":\"[all-fields]\",\"email_content_2\":\"[all-fields]\",\"success_message\":\"El formulari s'ha enviat amb \\u00e8xit.\",\"error_message\":\"Per favor, emplene els camps obligatoris.\",\"required_field_message\":\"Requerit\",\"invalid_message\":\"Hi ha alguna cosa que no funciona. El formulari no \\u00e9s v\\u00e0lid.\",\"column_gap\":{\"unit\":\"px\",\"size\":11},\"row_gap\":{\"unit\":\"px\",\"size\":22},\"field_text_color\":\"#000000\",\"field_typography_typography\":\"custom\",\"field_typography_font_size\":{\"unit\":\"px\",\"size\":16},\"field_typography_font_weight\":\"400\",\"field_border_color\":\"rgba(0,0,0,0.15)\",\"field_border_radius\":{\"unit\":\"px\",\"top\":\"0\",\"right\":\"0\",\"bottom\":\"0\",\"left\":\"0\",\"isLinked\":true},\"button_typography_typography\":\"custom\",\"button_typography_font_size\":{\"unit\":\"px\",\"size\":15},\"button_typography_font_weight\":\"600\",\"button_typography_text_transform\":\"uppercase\",\"button_border_radius\":{\"unit\":\"px\",\"top\":\"30\",\"right\":\"30\",\"bottom\":\"30\",\"left\":\"30\",\"isLinked\":true},\"button_text_padding\":{\"unit\":\"px\",\"top\":\"15\",\"right\":\"35\",\"bottom\":\"15\",\"left\":\"35\",\"isLinked\":false},\"button_hover_animation\":\"grow\",\"mailchimp_fields_map\":[],\"drip_fields_map\":[],\"activecampaign_fields_map\":[],\"getresponse_fields_map\":[],\"convertkit_fields_map\":[],\"mailerlite_fields_map\":[],\"step_next_label\":\"Seg\\u00fcent\",\"step_previous_label\":\"Anterior\",\"email_to\":\"email@turisme.olocau.es\",\"email_subject\":\"Nou missatge des de \\u00abTurisme Olocau\\u00bb\",\"email_from\":\"email@turisme.olocau.es\",\"email_from_name\":\"Turisme Olocau\",\"email_to_2\":\"fercerlin@gmail.com\",\"email_subject_2\":\"Nou missatge des de \\u00abTurisme Olocau\\u00bb\",\"email_from_2\":\"email@turisme.olocau.es\",\"email_from_name_2\":\"Turismo Olocau\",\"email_reply_to_2\":\"fercerlin@gmail.com\",\"__globals__\":{\"label_color\":\"globals\\\/colors?id=primary\",\"html_color\":\"globals\\\/colors?id=primary\",\"button_background_color\":\"globals\\\/colors?id=primary\",\"button_background_hover_color\":\"globals\\\/colors?id=accent\"}},\"elements\":[],\"widgetType\":\"form\"}],\"isInner\":true}],\"isInner\":true}],\"isInner\":false}],\"isInner\":false}]","_elementor_page_assets":{"styles":["widget-heading","widget-image","e-animation-grow","widget-form"],"scripts":["elementor-frontend"]},"_yoast_wpseo_content_score":"","_yoast_wpseo_estimated-reading-time-minutes":"","_elementor_page_settings":{"hide_title":"yes"},"_elementor_controls_usage":"","_wpml_media_featured":"1","_wpml_media_duplicate":"1","_top_nav_excluded":"","_cms_nav_minihome":"","_elementor_template_widget_type":"","_last_translation_edit_mode":"translation-editor","_yoast_wpseo_focuskw":"","_yoast_wpseo_metadesc":"","_yoast_wpseo_linkdex":"","_yoast_wpseo_wordproof_timestamp":"","_thumbnail_id":"","_yoast_wpseo_opengraph-title":"","_yoast_wpseo_opengraph-description":"","_yoast_wpseo_opengraph-image":"","_yoast_wpseo_opengraph-image-id":"","_yoast_wpseo_twitter-title":"","_yoast_wpseo_twitter-description":"","_yoast_wpseo_twitter-image":"","_yoast_wpseo_twitter-image-id":"","_elementor_css":{"time":1775175722,"fonts":[],"icons":[""],"dynamic_elements_ids":[],"status":"file","0":""},"_cdp_origin":"","_cdp_origin_site":"","_cdp_origin_title":"","_cdp_counter":"","_oembed_1715d3fe5f1b4894d69c403ed95c6d1f":"","_oembed_7b3a3160db89c87d5fa3541f189de6fa":"","_wpml_post_translation_editor_native":"","_wp_trash_meta_status":"","_wp_trash_meta_time":"","_wp_desired_post_slug":"","_links":{"self":[{"href":"https:\/\/turisme.olocau.es\/ca\/wp-json\/wp\/v2\/pages\/3977","targetHints":{"allow":["GET"]}}],"collection":[{"href":"https:\/\/turisme.olocau.es\/ca\/wp-json\/wp\/v2\/pages"}],"about":[{"href":"https:\/\/turisme.olocau.es\/ca\/wp-json\/wp\/v2\/types\/page"}],"author":[{"embeddable":true,"href":"https:\/\/turisme.olocau.es\/ca\/wp-json\/wp\/v2\/users\/1"}],"replies":[{"embeddable":true,"href":"https:\/\/turisme.olocau.es\/ca\/wp-json\/wp\/v2\/comments?post=3977"}],"version-history":[{"count":2,"href":"https:\/\/turisme.olocau.es\/ca\/wp-json\/wp\/v2\/pages\/3977\/revisions"}],"predecessor-version":[{"id":3982,"href":"https:\/\/turisme.olocau.es\/ca\/wp-json\/wp\/v2\/pages\/3977\/revisions\/3982"}],"wp:attachment":[{"href":"https:\/\/turisme.olocau.es\/ca\/wp-json\/wp\/v2\/media?parent=3977"}],"curies":[{"name":"wp","href":"https:\/\/api.w.org\/{rel}","templated":true}]}}